{"id":28,"date":"2013-04-09T13:13:44","date_gmt":"2013-04-09T11:13:44","guid":{"rendered":"http:\/\/vsvr-www.local\/scavix.com\/?page_id=28"},"modified":"2020-02-05T13:39:25","modified_gmt":"2020-02-05T12:39:25","slug":"imprint","status":"publish","type":"page","link":"https:\/\/www.scavix.com\/en\/imprint\/","title":{"rendered":"Imprint"},"content":{"rendered":"\n<h1 class=\"wp-block-heading\">Imprint<\/h1>\n\n\n\n<h2 class=\"subtitle wp-block-heading\"><\/h2>\n\n\n\n<p><span class=\"Haendlerbund_Rechtstext_Untertitel\">Legal website operator identification:<\/span><\/p>\n\n\n\n<p><span class=\"Haendlerbund_Rechtstext_Absatz\">Scavix Software GmbH &amp; Co. KG<br>D\u00f6rmter Stra\u00dfe 6<br>D-29588 Oetzen<br>Telephone: +4958120889652<br>E-Mail: support@scavix.com<br>VAT No.: DE286594753<\/span><strong><span class=\"Haendlerbund_Rechtstext_Absatz\"><\/span><\/strong><br><strong><span class=\"Haendlerbund_Rechtstext_Absatz\">listed in the commercial register of the local court L\u00fcneburg<br>Commercial register number &#8211; Part A of the commercial register &#8211; 201713<\/span><\/strong><strong> <\/strong><\/p>\n\n\n\n<br>\n\n\n\n<p><strong>Represented by the individually liable partner<br><\/strong>Scendix Software und Verwaltungs GmbH<br>D\u00f6rmter Stra\u00dfe 6<br>D-29588 Oetzen <br><strong>listed in the commercial register of the local court L\u00fcneburg<br>Commercial register number &#8211; Part B of the commercial register &#8211; 208062<\/strong> <\/p>\n\n\n\n<p><br>\n<p><span class=\"Haendlerbund_Rechtstext_Absatz\"><\/span><\/p><\/p>\n\n\n\n<p><span class=\"Haendlerbund_Rechtstext_Absatz\"><strong>Responsible for the contents as per \u00a7 55 of the RStV (Interstate Broadcasting Agreement):<\/strong><br> Herr Christoph B\u00fcnger &#8211; Deutschland<br> <\/span><br> <span class=\"Haendlerbund_Rechtstext_Absatz\"><\/p>\n\n\n\n<p><span class=\"Haendlerbund_Rechtstext_Absatz\"><strong>We are a member of the initiative \u201eFairCommerce\u201c since&nbsp;<\/strong><\/span><span class=\"Haendlerbund_Rechtstext_Absatz\"><strong>01.05.2018<\/strong><\/span><span class=\"Haendlerbund_Rechtstext_Absatz\"><strong>.<\/strong><br>\nFor more information, see:&nbsp;www.fair-commerce.de<\/span>\n<\/p>\n\n\n\n<p>Scavix\u00ae, Scendix\u00ae and PhoneMondo\u00ae are registered trademarks of Scavix Software GmbH &amp; Co. KG <\/p>\n","protected":false},"excerpt":{"rendered":"<p>Imprint Legal website operator identification: Scavix Software GmbH &amp; Co. KGD\u00f6rmter Stra\u00dfe 6D-29588 OetzenTelephone: +4958120889652E-Mail: support@scavix.comVAT No.: DE286594753listed in the commercial register of the local court L\u00fcneburgCommercial register number &#8211; Part A of the commercial register &#8211; 201713 Represented by the individually liable partnerScendix Software und Verwaltungs GmbHD\u00f6rmter Stra\u00dfe 6D-29588 Oetzen listed in the commercial [&hellip;]<\/p>\n","protected":false},"author":2,"featured_media":0,"parent":0,"menu_order":10,"comment_status":"closed","ping_status":"closed","template":"","meta":{"footnotes":""},"class_list":["post-28","page","type-page","status-publish","hentry"],"_links":{"self":[{"href":"https:\/\/www.scavix.com\/en\/wp-json\/wp\/v2\/pages\/28","targetHints":{"allow":["GET"]}}],"collection":[{"href":"https:\/\/www.scavix.com\/en\/wp-json\/wp\/v2\/pages"}],"about":[{"href":"https:\/\/www.scavix.com\/en\/wp-json\/wp\/v2\/types\/page"}],"author":[{"embeddable":true,"href":"https:\/\/www.scavix.com\/en\/wp-json\/wp\/v2\/users\/2"}],"replies":[{"embeddable":true,"href":"https:\/\/www.scavix.com\/en\/wp-json\/wp\/v2\/comments?post=28"}],"version-history":[{"count":0,"href":"https:\/\/www.scavix.com\/en\/wp-json\/wp\/v2\/pages\/28\/revisions"}],"wp:attachment":[{"href":"https:\/\/www.scavix.com\/en\/wp-json\/wp\/v2\/media?parent=28"}],"curies":[{"name":"wp","href":"https:\/\/api.w.org\/{rel}","templated":true}]}}