{"id":88,"date":"2017-05-19T10:28:18","date_gmt":"2017-05-19T08:28:18","guid":{"rendered":"http:\/\/www.scavix.com\/de\/?page_id=88"},"modified":"2017-05-19T10:28:18","modified_gmt":"2017-05-19T08:28:18","slug":"reeken-huelp","status":"publish","type":"page","link":"https:\/\/www.scavix.com\/de\/loesungen\/reeken-huelp\/","title":{"rendered":"Reeken H\u00fclp &#8211; T\u00e4tigkeitserfassung und -abrechnung in der (ambulanten) Jugendhilfe"},"content":{"rendered":"<br\/>\r\n<h1>Reeken H\u00fclp &#8211; T\u00e4tigkeitserfassung und -abrechnung in der (ambulanten) Jugendhilfe<\/h1>\r\n<p>Reeken H\u00fclp ist ein Onlinedienst, der Sie optimal in der Organisation und Ausf\u00fchrung von (ambulanten) Jugendhilfema\u00dfnahmen unterst\u00fctzt. Dies umfasst den gesamten Prozess von den Stammdaten, \u00fcber Zeiterfassung Ihrer Mitarbeiter, bis hin zur Abrechnung der Fachleistungsstunden mit den Tr\u00e4gern der Ma\u00dfnahmen.<br\/>\r\nWenn Sie in der (ambulanten) Jugendhilfe t\u00e4tig sind, kann Reeken H\u00fclp Sie in Ihren t\u00e4glichen Abl\u00e4ufen unterst\u00fctzen und helfen, Zeit und Kosten einzusparen.<\/p><br\/>\r\n<br\/>\r\n<a href=\"https:\/\/www.reeken-h\u00fclp.de\"><img decoding=\"async\" data-src=\"http:\/\/www.scavix.com\/de\/wp-content\/uploads\/2013\/04\/reeken-h\u00fclp.png\" class=\"center lazyload\" title=\"Reeken H\u00fclp - T\u00e4tigkeitserfassung und -abrechnung in der (ambulanten) Jugendhilfe\" width=\"600px\" src=\"data:image\/svg+xml;base64,PHN2ZyB3aWR0aD0iMSIgaGVpZ2h0PSIxIiB4bWxucz0iaHR0cDovL3d3dy53My5vcmcvMjAwMC9zdmciPjwvc3ZnPg==\" \/><\/a><br\/>\r\n<br\/>\r\n<span style=\"float: right\">Alle Informationen gibt es auf <a href=\"https:\/\/www.reeken-h\u00fclp.de\">www.reeken-h\u00fclp.de<\/a><\/span>","protected":false},"excerpt":{"rendered":"<p>Reeken H\u00fclp &#8211; T\u00e4tigkeitserfassung und -abrechnung in der (ambulanten) Jugendhilfe Reeken H\u00fclp ist ein Onlinedienst, der Sie optimal in der Organisation und Ausf\u00fchrung von (ambulanten) Jugendhilfema\u00dfnahmen unterst\u00fctzt. Dies umfasst den gesamten Prozess von den Stammdaten, \u00fcber Zeiterfassung Ihrer Mitarbeiter, bis hin zur Abrechnung der Fachleistungsstunden mit den Tr\u00e4gern der Ma\u00dfnahmen. Wenn Sie in der (ambulanten) [&hellip;]<\/p>\n","protected":false},"author":1,"featured_media":0,"parent":80,"menu_order":6,"comment_status":"closed","ping_status":"closed","template":"","meta":{"footnotes":""},"class_list":["post-88","page","type-page","status-publish","hentry"],"_links":{"self":[{"href":"https:\/\/www.scavix.com\/de\/wp-json\/wp\/v2\/pages\/88","targetHints":{"allow":["GET"]}}],"collection":[{"href":"https:\/\/www.scavix.com\/de\/wp-json\/wp\/v2\/pages"}],"about":[{"href":"https:\/\/www.scavix.com\/de\/wp-json\/wp\/v2\/types\/page"}],"author":[{"embeddable":true,"href":"https:\/\/www.scavix.com\/de\/wp-json\/wp\/v2\/users\/1"}],"replies":[{"embeddable":true,"href":"https:\/\/www.scavix.com\/de\/wp-json\/wp\/v2\/comments?post=88"}],"version-history":[{"count":0,"href":"https:\/\/www.scavix.com\/de\/wp-json\/wp\/v2\/pages\/88\/revisions"}],"up":[{"embeddable":true,"href":"https:\/\/www.scavix.com\/de\/wp-json\/wp\/v2\/pages\/80"}],"wp:attachment":[{"href":"https:\/\/www.scavix.com\/de\/wp-json\/wp\/v2\/media?parent=88"}],"curies":[{"name":"wp","href":"https:\/\/api.w.org\/{rel}","templated":true}]}}