{"id":86,"date":"2017-05-19T10:23:27","date_gmt":"2017-05-19T08:23:27","guid":{"rendered":"http:\/\/www.scavix.com\/de\/?page_id=86"},"modified":"2025-02-28T09:00:42","modified_gmt":"2025-02-28T07:00:42","slug":"rtvent","status":"publish","type":"page","link":"https:\/\/www.scavix.com\/de\/loesungen\/rtvent\/","title":{"rendered":"RTvent &#8211; Anmeldungen f\u00fcr Veranstaltungen einfach verwalten"},"content":{"rendered":"\n<h1 class=\"wp-block-heading\">RTvent &#8211; Anmeldungen f\u00fcr Veranstaltungen einfach verwalten<\/h1>\n\n\n\n<p>RTvent hilft, Anmeldungen von Besuchern zu einer Veranstaltung zu organisieren und die Zahlungen der Besucher abzuwickeln. Besucher k\u00f6nnen sich schnell und einfach anmelden und dann die gebuchten Events bezahlen. Listen und Karten zeigen, wer zu der Veranstaltung kommt und wer bereits bezahlt hat.\nMailings an bestimmte Besuchergruppen (z.B. an alle, die noch bezahlen m\u00fcssen) sind ebenso m\u00f6glich wie auch der Export aller Besucher f\u00fcr Namensschilder (z.B. Dymo Labeler).<br>\nEin System, was sich \u00fcber Jahre bew\u00e4hrt hat und st\u00e4ndig erweitert wird.<br><br><\/p>\n\n\n\n<figure class=\"wp-block-image size-full\"><a href=\"https:\/\/www.scavix.com\/de\/wp-content\/uploads\/2025\/02\/rtvent_anmeldung.png\"><img decoding=\"async\" width=\"1024\" height=\"870\" data-src=\"https:\/\/www.scavix.com\/de\/wp-content\/uploads\/2025\/02\/rtvent_anmeldung.png\" alt=\"\" class=\"wp-image-174 lazyload\" title=\"RTvent - Anmeldungen f\u00fcr Veranstaltungen einfach verwalten\" data-srcset=\"https:\/\/www.scavix.com\/de\/wp-content\/uploads\/2025\/02\/rtvent_anmeldung.png 1024w, https:\/\/www.scavix.com\/de\/wp-content\/uploads\/2025\/02\/rtvent_anmeldung-300x255.png 300w, https:\/\/www.scavix.com\/de\/wp-content\/uploads\/2025\/02\/rtvent_anmeldung-768x653.png 768w\" data-sizes=\"(max-width: 1024px) 100vw, 1024px\" src=\"data:image\/svg+xml;base64,PHN2ZyB3aWR0aD0iMSIgaGVpZ2h0PSIxIiB4bWxucz0iaHR0cDovL3d3dy53My5vcmcvMjAwMC9zdmciPjwvc3ZnPg==\" style=\"--smush-placeholder-width: 1024px; --smush-placeholder-aspect-ratio: 1024\/870;\" \/><\/a><\/figure>\n\n\n\n<p><span style=\"float: right\"><a href=\"https:\/\/www.scavix.com\/de\/contact\/\">Kontaktieren Sie uns bitte<\/a>, wenn Sie Interesse an der Software haben<\/span><\/p>\n","protected":false},"excerpt":{"rendered":"<p>RTvent &#8211; Anmeldungen f\u00fcr Veranstaltungen einfach verwalten RTvent hilft, Anmeldungen von Besuchern zu einer Veranstaltung zu organisieren und die Zahlungen der Besucher abzuwickeln. Besucher k\u00f6nnen sich schnell und einfach anmelden und dann die gebuchten Events bezahlen. Listen und Karten zeigen, wer zu der Veranstaltung kommt und wer bereits bezahlt hat. Mailings an bestimmte Besuchergruppen (z.B. [&hellip;]<\/p>\n","protected":false},"author":1,"featured_media":0,"parent":80,"menu_order":12,"comment_status":"closed","ping_status":"closed","template":"","meta":{"footnotes":""},"class_list":["post-86","page","type-page","status-publish","hentry"],"_links":{"self":[{"href":"https:\/\/www.scavix.com\/de\/wp-json\/wp\/v2\/pages\/86","targetHints":{"allow":["GET"]}}],"collection":[{"href":"https:\/\/www.scavix.com\/de\/wp-json\/wp\/v2\/pages"}],"about":[{"href":"https:\/\/www.scavix.com\/de\/wp-json\/wp\/v2\/types\/page"}],"author":[{"embeddable":true,"href":"https:\/\/www.scavix.com\/de\/wp-json\/wp\/v2\/users\/1"}],"replies":[{"embeddable":true,"href":"https:\/\/www.scavix.com\/de\/wp-json\/wp\/v2\/comments?post=86"}],"version-history":[{"count":0,"href":"https:\/\/www.scavix.com\/de\/wp-json\/wp\/v2\/pages\/86\/revisions"}],"up":[{"embeddable":true,"href":"https:\/\/www.scavix.com\/de\/wp-json\/wp\/v2\/pages\/80"}],"wp:attachment":[{"href":"https:\/\/www.scavix.com\/de\/wp-json\/wp\/v2\/media?parent=86"}],"curies":[{"name":"wp","href":"https:\/\/api.w.org\/{rel}","templated":true}]}}