{"id":85,"date":"2017-05-19T10:21:40","date_gmt":"2017-05-19T08:21:40","guid":{"rendered":"http:\/\/www.scavix.com\/de\/?page_id=85"},"modified":"2022-01-24T13:06:23","modified_gmt":"2022-01-24T11:06:23","slug":"phonemondo","status":"publish","type":"page","link":"https:\/\/www.scavix.com\/de\/loesungen\/phonemondo\/","title":{"rendered":"PhoneMondo &#8211; Your telephony, optimized"},"content":{"rendered":"\n<div class=\"wp-block-columns is-layout-flex wp-container-core-columns-is-layout-9d6595d7 wp-block-columns-is-layout-flex\">\n<div class=\"wp-block-column is-layout-flow wp-block-column-is-layout-flow\" style=\"flex-basis:100%\">\n<div class=\"wp-block-group\"><div class=\"wp-block-group__inner-container is-layout-flow wp-block-group-is-layout-flow\">\n<br>\n<h1>PhoneMondo &#8211; Your telephony, optimized<\/h1>\n<p>\nMit der Cloud-Software PhoneMondo bieten wir eine CTI-L\u00f6sung an, die kleinen und mittelgro\u00dfen Firmen hilft, wertvolle Zeit beim t\u00e4glichen Telefonieren zu sparen.<br><br>\nBei ankommenden Anrufen werden aus verschiedenen Quellen Zusatzinformationen zum Anrufer herausgesucht und sofort angezeigt. Somit sieht der Angerufene umgehend, wer anruft und woher der Anrufer kommt. Schon vor dem Abnehmen kann er entscheiden, ob er den Anruf annimmt oder ablehnt. Hierbei greift PhoneMondo auf vorhandene Kontakte des Benutzers wie dem Microsoft Outlook Adressbuch und den Android Kontakten zu und durchsucht zus\u00e4tzlich verschiedene Online-Telefonb\u00fccher per R\u00fcckw\u00e4rtssuche nach passenden Informationen. Ungew\u00fcnschte Telefonnummern lassen sich dauerhaft blockieren, so dass diese Anrufe immer sofort abgelehnt werden.<br><br>\nAnrufinformationen k\u00f6nnen auf Wunsch an andere Systeme weitergegeben werden. In Verbindung mit der Zahnarztsoftware Solutio CHARLY l\u00e4sst sich so z.B. bei einem Anruf in der Praxis die Patientenakte des Anrufers automatisch \u00f6ffnen oder der Anruf in Salesforce.com f\u00fcr die sp\u00e4tere Weiterverarbeitung ablegen. Es gibt Integrationen f\u00fcr Salesforce, Pipedrive, HubSpot, Zoho, uvm.<br><br>\nEine weitere m\u00e4chtige Funktion der neuen Software sind die statistischen Auswertungen der vergangenen Anrufe. Grafisch ansprechend aufbereitete Auswertungen verschaffen einen schnellen \u00dcberblick \u00fcber die wichtigsten Kennzahlen der Telefonie in einem Unternehmen. Die Auswertungen lassen sich jederzeit einsehen und auch automatisch als PDF per E-Mail zusenden. Dies ist besonders als Monatsauswertung des vergangenen Monats und als Vergleich verschiedener Monate hilfreich.<br><br>\nEin besonderer Vorteil von PhoneMondo ist die Verarbeitung und Ablage der Daten in der Cloud: dadurch l\u00e4sst sich die eigene Anrufhistorie von \u00fcberall aufrufen und durchsuchen. Hier steht Sicherheit an erster Stelle: alle Daten liegen in einem deutschen Rechenzentrum. Der unbefugte Zugriff ist ausgeschlossen. Durch den Einsatz der Cloud l\u00e4sst sich PhoneMondo sehr einfach installieren: ohne eine Anfangsinvestition und ohne eigene Server installieren zu m\u00fcssen ist die Funktionalit\u00e4t mit nur wenigen Mausklicks einsatzbereit. Au\u00dferdem ist PhoneMondo dadurch flexibel um weitere Benutzer und \u00fcberwachte Telefonleitungen unbegrenzt erweiterbar.<br><br>\nPhoneMondo verbindet sich mit allen Telefonanlagen, die mit Tapi 2.1 Treibern vom Hersteller geliefert werden wie z.B. Agfeo, Aastra und Auerswald. STARFACE Telefonanlagen, Asterisk und Android-Telefone werden direkt unterst\u00fctzt.<br><br>\nDie kostenlose Basisversion von PhoneMondo enth\u00e4lt einen Nutzer und \u00fcberwacht maximal drei Telefonleitungen. Das erweiterte Professional Abonnement beginnt bei 17,73\u20ac (inkl. 19% MwSt) monatlich und enth\u00e4lt zwei Benutzer und 5 \u00fcberwachte Telefonleitungen. Mehr Benutzer und Leitungen lassen sich flexibel hinzubuchen.\n<\/p>\n<br>\n<br>\n<a href=\"https:\/\/www.phonemondo.com\"><img decoding=\"async\" data-src=\"https:\/\/www.phonemondo.com\/wp-content\/uploads\/PhoneMondo_Anrufbenachrichtigung.png\" class=\"center lazyload\" title=\"PhoneMondo - Your telephony, optmized\" src=\"data:image\/svg+xml;base64,PHN2ZyB3aWR0aD0iMSIgaGVpZ2h0PSIxIiB4bWxucz0iaHR0cDovL3d3dy53My5vcmcvMjAwMC9zdmciPjwvc3ZnPg==\"><\/a><br>\n<br>\n<span style=\"float: right\">Jetzt kostenlos testen auf <a href=\"https:\/\/www.phonemondo.com\">www.phonemondo.com<\/a><\/span>\n<p><\/p>\n<\/div><\/div>\n<\/div>\n<\/div>\n","protected":false},"excerpt":{"rendered":"<p>PhoneMondo &#8211; Your telephony, optimized Mit der Cloud-Software PhoneMondo bieten wir eine CTI-L\u00f6sung an, die kleinen und mittelgro\u00dfen Firmen hilft, wertvolle Zeit beim t\u00e4glichen Telefonieren zu sparen. Bei ankommenden Anrufen werden aus verschiedenen Quellen Zusatzinformationen zum Anrufer herausgesucht und sofort angezeigt. Somit sieht der Angerufene umgehend, wer anruft und woher der Anrufer kommt. Schon vor [&hellip;]<\/p>\n","protected":false},"author":1,"featured_media":0,"parent":80,"menu_order":10,"comment_status":"closed","ping_status":"closed","template":"","meta":{"footnotes":""},"class_list":["post-85","page","type-page","status-publish","hentry"],"_links":{"self":[{"href":"https:\/\/www.scavix.com\/de\/wp-json\/wp\/v2\/pages\/85","targetHints":{"allow":["GET"]}}],"collection":[{"href":"https:\/\/www.scavix.com\/de\/wp-json\/wp\/v2\/pages"}],"about":[{"href":"https:\/\/www.scavix.com\/de\/wp-json\/wp\/v2\/types\/page"}],"author":[{"embeddable":true,"href":"https:\/\/www.scavix.com\/de\/wp-json\/wp\/v2\/users\/1"}],"replies":[{"embeddable":true,"href":"https:\/\/www.scavix.com\/de\/wp-json\/wp\/v2\/comments?post=85"}],"version-history":[{"count":0,"href":"https:\/\/www.scavix.com\/de\/wp-json\/wp\/v2\/pages\/85\/revisions"}],"up":[{"embeddable":true,"href":"https:\/\/www.scavix.com\/de\/wp-json\/wp\/v2\/pages\/80"}],"wp:attachment":[{"href":"https:\/\/www.scavix.com\/de\/wp-json\/wp\/v2\/media?parent=85"}],"curies":[{"name":"wp","href":"https:\/\/api.w.org\/{rel}","templated":true}]}}