{"id":72,"date":"2017-02-13T09:51:32","date_gmt":"2017-02-13T07:51:32","guid":{"rendered":"http:\/\/www.scavix.com\/de\/?page_id=72"},"modified":"2020-02-11T11:17:17","modified_gmt":"2020-02-11T09:17:17","slug":"jobs","status":"publish","type":"page","link":"https:\/\/www.scavix.com\/de\/jobs\/","title":{"rendered":"Jobs"},"content":{"rendered":"\n<h1 class=\"wp-block-heading\">Offene Stellen<\/h1>\n\n\n\n<p>Du m\u00f6chtest in einem jungen, dynamischen Team an spannenden Projekten arbeiten? Dich selbst einbringen und am Erfolg unserer Kunden teilhaben? Dann bewirb dich jetzt!<\/p>\n\n\n\n<p>Wir sind eine junge, innovative Softwareentwicklungsfirma in Norddeutschland, die Individualsoftware f\u00fcr Firmen entwickelt. Hierbei erarbeiten wir mit den Firmen zusammen Softwarel\u00f6sungen f\u00fcr die speziellen Anforderungen der Kunden von Grund auf und programmieren diese. Dies umfasst komplexe Ablaufsoftware, Apps und Onlineshops aber auch Webseiten.<\/p>\n\n\n\n<p>Zu unseren Auftraggebern geh\u00f6ren mittelst\u00e4ndische Unternehmen sowie auch einige namhafte gro\u00dfe deutsche Firmen.<\/p>\n\n\n\n<p>Einige selbstentwickelte Softwareprodukte vertreiben wir direkt an Endkunden und entwickeln diese st\u00e4ndig weiter.<\/p>\n\n\n\n<p>Wir arbeiten dabei branchen\u00fcbergreifend und nutzen die zur L\u00f6sung am optimalsten passenden Technologien. In den letzten Jahren haben wir ein <a rel=\"noreferrer noopener\" href=\"https:\/\/github.com\/ScavixSoftware\/WebFramework\" target=\"_blank\">quelloffenes PHP-Framework<\/a> entwickelt, das bei vielen Kundenprojekten zum Einsatz kommt.<br><br>Wir leben eine flache Hierarchie und bieten Flexibilit\u00e4t bei der Arbeit, erwarten aber auch vollen Einsatz und l\u00f6sungs- und zielorientiertes Arbeiten.<\/p>\n\n\n\n<p><strong>Derzeit keine offenen Stellen vorhanden.<\/strong><\/p>\n\n\n\n<div class=\"wp-block-group is-layout-flow wp-block-group-is-layout-flow\"><div class=\"wp-block-group__inner-container\"><\/div><\/div>\n","protected":false},"excerpt":{"rendered":"<p>Offene Stellen Du m\u00f6chtest in einem jungen, dynamischen Team an spannenden Projekten arbeiten? Dich selbst einbringen und am Erfolg unserer Kunden teilhaben? Dann bewirb dich jetzt! Wir sind eine junge, innovative Softwareentwicklungsfirma in Norddeutschland, die Individualsoftware f\u00fcr Firmen entwickelt. Hierbei erarbeiten wir mit den Firmen zusammen Softwarel\u00f6sungen f\u00fcr die speziellen Anforderungen der Kunden von Grund [&hellip;]<\/p>\n","protected":false},"author":1,"featured_media":0,"parent":0,"menu_order":10,"comment_status":"closed","ping_status":"closed","template":"","meta":{"footnotes":""},"class_list":["post-72","page","type-page","status-publish","hentry"],"_links":{"self":[{"href":"https:\/\/www.scavix.com\/de\/wp-json\/wp\/v2\/pages\/72","targetHints":{"allow":["GET"]}}],"collection":[{"href":"https:\/\/www.scavix.com\/de\/wp-json\/wp\/v2\/pages"}],"about":[{"href":"https:\/\/www.scavix.com\/de\/wp-json\/wp\/v2\/types\/page"}],"author":[{"embeddable":true,"href":"https:\/\/www.scavix.com\/de\/wp-json\/wp\/v2\/users\/1"}],"replies":[{"embeddable":true,"href":"https:\/\/www.scavix.com\/de\/wp-json\/wp\/v2\/comments?post=72"}],"version-history":[{"count":0,"href":"https:\/\/www.scavix.com\/de\/wp-json\/wp\/v2\/pages\/72\/revisions"}],"wp:attachment":[{"href":"https:\/\/www.scavix.com\/de\/wp-json\/wp\/v2\/media?parent=72"}],"curies":[{"name":"wp","href":"https:\/\/api.w.org\/{rel}","templated":true}]}}