{"id":28,"date":"2013-04-09T13:13:44","date_gmt":"2013-04-09T11:13:44","guid":{"rendered":"http:\/\/vsvr-www.local\/scavix.com\/?page_id=28"},"modified":"2020-02-05T14:40:28","modified_gmt":"2020-02-05T12:40:28","slug":"imprint","status":"publish","type":"page","link":"https:\/\/www.scavix.com\/de\/imprint\/","title":{"rendered":"Impressum"},"content":{"rendered":"\n<h1 class=\"wp-block-heading\">Impressum<\/h1>\n\n\n\n<h2 class=\"subtitle wp-block-heading\">&nbsp;<\/h2>\n\n\n\n<p>\n<span><strong><span><span>Gesetzliche Anbieterkennung:<\/span><\/span><\/strong><\/span><span><span><strong> <\/strong><\/span><\/span><\/p>\n\n\n\n<p>Scavix Software GmbH &amp; Co. KG<br>D\u00f6rmter Stra\u00dfe 6<br>D-29588 Oetzen <br>Telefon: 058120889652<span><br>E-Mail: support@scavix.com<br>USt-IdNr.: DE286594753<\/span><br><span>eingetragen im Handelsregister des Amtsgerichtes L\u00fcneburg Handelsregisternummer HRA 201713<\/span> <\/p>\n\n\n\n<p>vertreten durch die pers\u00f6nliche haftende Gesellschafterin<br><span>Scendix Software und Verwaltungs GmbH<\/span><br>D\u00f6rmter Stra\u00dfe 6<br>D-29588 Oetzen <br>eingetragen im Handelsregister des Amtsgerichtes L\u00fcneburg Handelsregisternummer HRB 208062<\/p>\n\n\n\n<p><span><strong>Inhaltlich Verantwortlicher gem\u00e4\u00df \u00a7 55 RStV:<\/strong><br> Herr Christoph B\u00fcnger &#8211; Deutschland<br> <\/span><br> <\/p>\n\n\n\n<p><span><strong>Wir sind seit&nbsp;<\/strong><\/span><span><strong>01.05.2018&nbsp;<\/strong><\/span><span><strong>Mitglied der Initiative &#8220;FairCommerce&#8221;.<\/strong><br>N\u00e4here Informationen hierzu finden Sie unter www.fair-commerce.de.<\/span> <\/p>\n\n\n\n<br>\n\n\n\n<p>Scavix\u00ae, Scendix\u00ae und PhoneMondo\u00ae sind eingetragene Markenzeichen der Scavix Software GmbH &amp; Co. KG<\/p>\n","protected":false},"excerpt":{"rendered":"<p>Impressum &nbsp; Gesetzliche Anbieterkennung: Scavix Software GmbH &amp; Co. KGD\u00f6rmter Stra\u00dfe 6D-29588 Oetzen Telefon: 058120889652E-Mail: support@scavix.comUSt-IdNr.: DE286594753eingetragen im Handelsregister des Amtsgerichtes L\u00fcneburg Handelsregisternummer HRA 201713 vertreten durch die pers\u00f6nliche haftende GesellschafterinScendix Software und Verwaltungs GmbHD\u00f6rmter Stra\u00dfe 6D-29588 Oetzen eingetragen im Handelsregister des Amtsgerichtes L\u00fcneburg Handelsregisternummer HRB 208062 Inhaltlich Verantwortlicher gem\u00e4\u00df \u00a7 55 RStV: Herr Christoph [&hellip;]<\/p>\n","protected":false},"author":2,"featured_media":0,"parent":0,"menu_order":10,"comment_status":"closed","ping_status":"closed","template":"","meta":{"footnotes":""},"class_list":["post-28","page","type-page","status-publish","hentry"],"_links":{"self":[{"href":"https:\/\/www.scavix.com\/de\/wp-json\/wp\/v2\/pages\/28","targetHints":{"allow":["GET"]}}],"collection":[{"href":"https:\/\/www.scavix.com\/de\/wp-json\/wp\/v2\/pages"}],"about":[{"href":"https:\/\/www.scavix.com\/de\/wp-json\/wp\/v2\/types\/page"}],"author":[{"embeddable":true,"href":"https:\/\/www.scavix.com\/de\/wp-json\/wp\/v2\/users\/2"}],"replies":[{"embeddable":true,"href":"https:\/\/www.scavix.com\/de\/wp-json\/wp\/v2\/comments?post=28"}],"version-history":[{"count":0,"href":"https:\/\/www.scavix.com\/de\/wp-json\/wp\/v2\/pages\/28\/revisions"}],"wp:attachment":[{"href":"https:\/\/www.scavix.com\/de\/wp-json\/wp\/v2\/media?parent=28"}],"curies":[{"name":"wp","href":"https:\/\/api.w.org\/{rel}","templated":true}]}}