{"id":18,"date":"2013-04-09T13:01:36","date_gmt":"2013-04-09T11:01:36","guid":{"rendered":"http:\/\/vsvr-www.local\/scavix.com\/?page_id=18"},"modified":"2025-04-02T10:56:32","modified_gmt":"2025-04-02T08:56:32","slug":"about","status":"publish","type":"page","link":"https:\/\/www.scavix.com\/de\/about\/","title":{"rendered":"\u00dcber uns"},"content":{"rendered":"\n<p><span class=\"aboutico ppl\"><\/p>\n\n\n\n<h1 class=\"wp-block-heading\"><a name=\"whoweare\"><\/a>Wer wir sind<\/h1>\n\n\n\n<figure class=\"wp-block-image\" style=\"float: right; width: 70px\"><a href=\"https:\/\/about.me\/christoph.buenger\"><img decoding=\"async\" data-src=\"\/images\/christoph_buenger.png\" alt=\"Christoph B\u00fcnger\" src=\"data:image\/svg+xml;base64,PHN2ZyB3aWR0aD0iMSIgaGVpZ2h0PSIxIiB4bWxucz0iaHR0cDovL3d3dy53My5vcmcvMjAwMC9zdmciPjwvc3ZnPg==\" class=\"lazyload\"><\/a><\/figure>\n\n\n\n<p>Die Scavix Software GmbH &amp; Co. KG wurde als Scavix Software Ltd. &amp; Co. KG wurde von Christoph B\u00fcnger Ende 2012 gegr\u00fcndet. Nachdem er 2006 die Scendix Software Inc. und 2007 die PamConsult GmbH gegr\u00fcndet hatte, war es 2012 an der Zeit, etwas Neues zu starten. Einige der besten Softwareentwickler, mit denen er bereits in den Jahren zuvor gearbeitet hat, sind ihm zur Scavix Software gefolgt, um die Vision von einfach zu bedienender und gro\u00dfartiger Software zu verwirklichen.<br>Der Firmensitz ist in Oetzen im Norden Deutschlands. Wir glauben daran, dass German Engineering erheblich dazu beitragen kann, dass hochqualitative Software entsteht.<\/p>\n\n\n\n<div class=\"wp-block-columns is-layout-flex wp-container-core-columns-is-layout-9d6595d7 wp-block-columns-is-layout-flex\">\n<div class=\"wp-block-column is-layout-flow wp-block-column-is-layout-flow\" style=\"flex-basis:15%\"><div class=\"wp-block-image is-resized\">\n<figure class=\"alignleft size-large\"><a href=\"https:\/\/www.scavix.com\/de\/ihr-salesforce-app-partner\/\"><img decoding=\"async\" width=\"446\" height=\"474\" data-src=\"https:\/\/www.scavix.com\/de\/wp-content\/uploads\/2020\/06\/Salesforce_Partner_Badge_RGB.png\" alt=\"\" class=\"wp-image-139 lazyload\" data-srcset=\"https:\/\/www.scavix.com\/de\/wp-content\/uploads\/2020\/06\/Salesforce_Partner_Badge_RGB.png 446w, https:\/\/www.scavix.com\/de\/wp-content\/uploads\/2020\/06\/Salesforce_Partner_Badge_RGB-282x300.png 282w\" data-sizes=\"(max-width: 446px) 100vw, 446px\" src=\"data:image\/svg+xml;base64,PHN2ZyB3aWR0aD0iMSIgaGVpZ2h0PSIxIiB4bWxucz0iaHR0cDovL3d3dy53My5vcmcvMjAwMC9zdmciPjwvc3ZnPg==\" style=\"--smush-placeholder-width: 446px; --smush-placeholder-aspect-ratio: 446\/474;\" \/><\/a><\/figure>\n<\/div><\/div>\n\n\n\n<div class=\"wp-block-column is-layout-flow wp-block-column-is-layout-flow\">\n<p>Wir sind Salesforce Partner und entwickeln Ihre Salesforce-Apps f\u00fcr Sie!<\/p>\n\n\n\n<p class=\"has-text-align-right\"><a href=\"https:\/\/www.scavix.com\/de\/ihr-salesforce-app-partner\/\">Mehr erfahren<\/a><\/p>\n<\/div>\n<\/div>\n\n\n\n<div class=\"wp-block-columns is-layout-flex wp-container-core-columns-is-layout-9d6595d7 wp-block-columns-is-layout-flex\">\n<div class=\"wp-block-column is-layout-flow wp-block-column-is-layout-flow\" style=\"flex-basis:15%\"><div class=\"wp-block-image is-resized\">\n<figure class=\"alignleft size-full\"><a href=\"https:\/\/www.phonemondo.com\/de\/addons\/datev\/\"><img decoding=\"async\" width=\"300\" height=\"300\" data-src=\"https:\/\/www.scavix.com\/de\/wp-content\/uploads\/2025\/04\/datev-schnittstelle-phonemondo.png\" alt=\"\" class=\"wp-image-176 lazyload\" data-srcset=\"https:\/\/www.scavix.com\/de\/wp-content\/uploads\/2025\/04\/datev-schnittstelle-phonemondo.png 300w, https:\/\/www.scavix.com\/de\/wp-content\/uploads\/2025\/04\/datev-schnittstelle-phonemondo-150x150.png 150w\" data-sizes=\"(max-width: 300px) 100vw, 300px\" src=\"data:image\/svg+xml;base64,PHN2ZyB3aWR0aD0iMSIgaGVpZ2h0PSIxIiB4bWxucz0iaHR0cDovL3d3dy53My5vcmcvMjAwMC9zdmciPjwvc3ZnPg==\" style=\"--smush-placeholder-width: 300px; --smush-placeholder-aspect-ratio: 300\/300;\" \/><\/a><\/figure>\n<\/div><\/div>\n\n\n\n<div class=\"wp-block-column is-layout-flow wp-block-column-is-layout-flow\">\n<p>Wir sind DATEV-Schnittstellen-Partner und bieten mit PhoneMondo eine Telefonie-Integration in DATEV an.<\/p>\n\n\n\n<p class=\"has-text-align-right\"><a href=\"https:\/\/www.phonemondo.com\/de\/addons\/datev\/\">Mehr erfahren<\/a><\/p>\n<\/div>\n<\/div>\n\n\n\n<hr class=\"wp-block-separator has-css-opacity\"\/>\n\n\n\n<p><span class=\"aboutico pen\"><\/span><\/p>\n\n\n\n<h1 class=\"wp-block-heading\"><a name=\"whatweoffer\"><\/a>Was wir bieten<\/h1>\n\n\n\n<p>Sie haben eine Idee f\u00fcr eine Software, aber haben in Ihrer Firma selbst keine Programmierer?<br>Sie setzen eine Software ein, die erweitert werden soll?<br>Sie sind Systemhaus und ben\u00f6tigen in einem Projekt beim Kunden auch Software-Entwicklung?<br>Genau da k\u00f6nnen wir helfen: wir haben die Erfahrung und das Know-How in Softwarentwicklung, um Ihre Software zu verwirklichen. Durch unsere jahrelange Arbeit in der Software-Branche wissen wir, wie Probleme gel\u00f6st werden und wie eine Software auszusehen hat, damit der Benutzer diese dann ohne gro\u00dfe Einf\u00fchrung nutzen kann.<br> Dabei nutzen wir die neuesten Technologien, um schnell und effektiv zu Ergebnissen zu kommen.<\/p>\n\n\n\n<p>Wir programmieren u.a. in den folgenden Programmiersprachen:<\/p>\n\n\n\n<ul class=\"wp-block-list\">\n<li>PHP<\/li>\n\n\n\n<li>C#<\/li>\n\n\n\n<li>Java<\/li>\n\n\n\n<li>JavaScript<\/li>\n\n\n\n<li>SQL<\/li>\n\n\n\n<li>CSS &amp; Less<\/li>\n\n\n\n<li>XML<\/li>\n<\/ul>\n\n\n\n<p>Wir haben jahrelanges Know-How mit diesen Systemen:<\/p>\n\n\n\n<ul class=\"wp-block-list\">\n<li>Salesforce (Entwicklung von zertifizierten Apps f\u00fcr den AppExchange, Anpassungen, Erweiterung)<\/li>\n\n\n\n<li>HubSpot, Pipedrive und andere CRM Systeme (Anpassung, Erweiterungen)<\/li>\n\n\n\n<li>WordPress (Entwicklung von Themes und Plugins)<\/li>\n\n\n\n<li>Shopware (Entwicklung von Plugins und Themes)<\/li>\n\n\n\n<li>Apache Webserver<\/li>\n\n\n\n<li>MySQL Server<\/li>\n\n\n\n<li>Git Sourceverwaltungen<\/li>\n\n\n\n<li>Verschiedene Crypto-Blockchains und Wallets (u.a. ETH und BTC)<\/li>\n<\/ul>\n\n\n\n<p>U.a. setzen wir diese Entwicklungstools ein:<\/p>\n\n\n\n<ul class=\"wp-block-list\">\n<li>Microsoft Visual Studio Code<\/li>\n\n\n\n<li>Microsoft Visual Studio<\/li>\n\n\n\n<li>Xamarin<\/li>\n\n\n\n<li>Android Studio<\/li>\n\n\n\n<li>Apple XCode<\/li>\n\n\n\n<li>HeidiSQL<\/li>\n\n\n\n<li>Adobe Photoshop<\/li>\n<\/ul>\n\n\n\n<hr class=\"wp-block-separator has-css-opacity\"\/>\n\n\n\n<p><span class=\"aboutico hook\"><\/p>\n\n\n\n<h1 class=\"wp-block-heading\"><a name=\"howwework\"><\/a>Wie wir arbeiten<\/h1>\n\n\n\n<p>Eines unserer Hauptziele ist das Liefern von hochqualitativer Software, die sehr einfach zu bedienen ist. Wir wollen, dass jeder Anwender unsere Software sofort benutzen kann, ohne vorher eine Schulung zu besuchen oder ein Handbuch lesen zu m\u00fcssen. Der Anspruch ist, dass selbst weniger technik-affine Personen sich bei der Bedienung zurechtfinden.<br> Obwohl wir \u00fcber die Jahre eine Vorliebe f\u00fcr die Entwicklung von Web-Anwendungen auf Basis von PHP und JavaScript entwickelt haben, haben wir auch intensive Erfahrung in der Erstellung von Desktop-Applikationen und Apps f\u00fcr mobile Ger\u00e4te in C#, Java, etc..<br> Wir benutzen immer die Technologie, die f\u00fcr die zu l\u00f6sende Aufgabe am besten geeignet ist. Hierbei sollen Ergebnisse schnell und effizient vorliegen und f\u00fcr die Zukunft erweiterbar sein.<br>Als Basis unserer Web-Anwendungen nutzen wir gerne das als Open-Source zur Verf\u00fcgung stehende <a rel=\"noopener noreferrer\" href=\"https:\/\/github.com\/ScavixSoftware\/WebFramework\" target=\"_blank\">Scavix Software Web Development Framework<\/a>. Damit m\u00fcssen wir den &#8220;Unterbau&#8221; unter Ihrer Web-Anwendung nicht jedes mal neu programmieren, sondern haben schon einige Basisfunktionen (inklusive Dingen wie Sicherheit und Performance) &#8220;out of the Box&#8221; zur Verf\u00fcgung.<br> Nachdem wir uns mit Ihnen als Auftraggeber ein- oder zweimal getroffen haben, um die ben\u00f6tigten Funktionalit\u00e4ten zu besprechen, starten wir mit der Implementierung der Software. Oft wissen unsere Auftraggeber nicht genau, was sie denn ben\u00f6tigen oder wie Probleme zu l\u00f6sen sind. Ein erster Prototyp kann jetzt dabei helfen, schnell zu sehen, wie die Software aussehen kann. Von Anfang an k\u00f6nnen Sie lenkend eingreifen und m\u00fcssen nicht monatelang warten um dann am Ende mit dem Endergenis \u00fcberrascht zu werden. Feedback vom Auftraggeber wird m\u00f6glichst fr\u00fch in die Software eingearbeitet.<br>Das Resultat ist eine Software, die genau das macht, was Sie als Auftraggeber ben\u00f6tigen. <\/p>\n\n\n\n<p>K\u00f6nnen wir Ihnen helfen, Ihre Software-Ideen Wirklichkeit werden zu lassen? <a href=\"..\/contact\/\">Kontaktieren Sie uns<\/a>!<\/p>\n","protected":false},"excerpt":{"rendered":"<p>Wer wir sind Die Scavix Software GmbH &amp; Co. KG wurde als Scavix Software Ltd. &amp; Co. KG wurde von Christoph B\u00fcnger Ende 2012 gegr\u00fcndet. Nachdem er 2006 die Scendix Software Inc. und 2007 die PamConsult GmbH gegr\u00fcndet hatte, war es 2012 an der Zeit, etwas Neues zu starten. Einige der besten Softwareentwickler, mit denen [&hellip;]<\/p>\n","protected":false},"author":2,"featured_media":0,"parent":0,"menu_order":4,"comment_status":"closed","ping_status":"closed","template":"","meta":{"footnotes":""},"class_list":["post-18","page","type-page","status-publish","hentry"],"_links":{"self":[{"href":"https:\/\/www.scavix.com\/de\/wp-json\/wp\/v2\/pages\/18","targetHints":{"allow":["GET"]}}],"collection":[{"href":"https:\/\/www.scavix.com\/de\/wp-json\/wp\/v2\/pages"}],"about":[{"href":"https:\/\/www.scavix.com\/de\/wp-json\/wp\/v2\/types\/page"}],"author":[{"embeddable":true,"href":"https:\/\/www.scavix.com\/de\/wp-json\/wp\/v2\/users\/2"}],"replies":[{"embeddable":true,"href":"https:\/\/www.scavix.com\/de\/wp-json\/wp\/v2\/comments?post=18"}],"version-history":[{"count":0,"href":"https:\/\/www.scavix.com\/de\/wp-json\/wp\/v2\/pages\/18\/revisions"}],"wp:attachment":[{"href":"https:\/\/www.scavix.com\/de\/wp-json\/wp\/v2\/media?parent=18"}],"curies":[{"name":"wp","href":"https:\/\/api.w.org\/{rel}","templated":true}]}}