{"id":14,"date":"2013-04-09T12:24:18","date_gmt":"2013-04-09T10:24:18","guid":{"rendered":"http:\/\/vsvr-www.local\/scavix.com\/?page_id=14"},"modified":"2022-12-14T12:40:31","modified_gmt":"2022-12-14T10:40:31","slug":"contact","status":"publish","type":"page","link":"https:\/\/www.scavix.com\/de\/contact\/","title":{"rendered":"Kontakt"},"content":{"rendered":"\n<h1 class=\"wp-block-heading\">Kontakt<\/h1>\n\n\n\n<p>Sie ben\u00f6tigen ein Angebot f\u00fcr eine Software, die wir f\u00fcr Sie erstellen oder anpassen d\u00fcrfen? Oder wollen Sie und einfach nur sagen, was Sie \u00fcber unsere Firma oder unsere Produkte denken?<br>Schreiben Sie uns einfach, wie wir Ihnen helfen k\u00f6nnen: <\/p>\n\n\n\n<p><b>E-Mail:<\/b> <a href=\"mailto:info@scavix.com\">info@scavix.com<\/a><\/p>\n\n\n\n<p><b>Telefon:<\/b> <a href=\"tel:+4958120889652\">+49 581 20889652<\/a><\/p>\n\n\n\n<p>Wir versuchen, alle Anfragen innerhalb von 48 Stunden pers\u00f6nlich zu beantworten.<\/p>\n","protected":false},"excerpt":{"rendered":"<p>Kontakt Sie ben\u00f6tigen ein Angebot f\u00fcr eine Software, die wir f\u00fcr Sie erstellen oder anpassen d\u00fcrfen? Oder wollen Sie und einfach nur sagen, was Sie \u00fcber unsere Firma oder unsere Produkte denken?Schreiben Sie uns einfach, wie wir Ihnen helfen k\u00f6nnen: E-Mail: info@scavix.com Telefon: +49 581 20889652 Wir versuchen, alle Anfragen innerhalb von 48 Stunden pers\u00f6nlich [&hellip;]<\/p>\n","protected":false},"author":2,"featured_media":0,"parent":0,"menu_order":8,"comment_status":"closed","ping_status":"closed","template":"","meta":{"footnotes":""},"class_list":["post-14","page","type-page","status-publish","hentry"],"_links":{"self":[{"href":"https:\/\/www.scavix.com\/de\/wp-json\/wp\/v2\/pages\/14","targetHints":{"allow":["GET"]}}],"collection":[{"href":"https:\/\/www.scavix.com\/de\/wp-json\/wp\/v2\/pages"}],"about":[{"href":"https:\/\/www.scavix.com\/de\/wp-json\/wp\/v2\/types\/page"}],"author":[{"embeddable":true,"href":"https:\/\/www.scavix.com\/de\/wp-json\/wp\/v2\/users\/2"}],"replies":[{"embeddable":true,"href":"https:\/\/www.scavix.com\/de\/wp-json\/wp\/v2\/comments?post=14"}],"version-history":[{"count":0,"href":"https:\/\/www.scavix.com\/de\/wp-json\/wp\/v2\/pages\/14\/revisions"}],"wp:attachment":[{"href":"https:\/\/www.scavix.com\/de\/wp-json\/wp\/v2\/media?parent=14"}],"curies":[{"name":"wp","href":"https:\/\/api.w.org\/{rel}","templated":true}]}}