{"id":137,"date":"2020-06-08T11:46:02","date_gmt":"2020-06-08T09:46:02","guid":{"rendered":"https:\/\/www.scavix.com\/de\/?page_id=137"},"modified":"2020-06-08T14:32:48","modified_gmt":"2020-06-08T12:32:48","slug":"ihr-salesforce-app-partner","status":"publish","type":"page","link":"https:\/\/www.scavix.com\/de\/ihr-salesforce-app-partner\/","title":{"rendered":"Ihr Salesforce App-Partner"},"content":{"rendered":"\n<h2 class=\"wp-block-heading\">Wir sind Ihr Salesforce Software-Partner!<\/h2>\n\n\n\n<div class=\"wp-block-image\"><figure class=\"aligncenter size-large is-resized\"><img decoding=\"async\" data-src=\"https:\/\/www.scavix.com\/de\/wp-content\/uploads\/2020\/06\/scavix_software_web_application_development.png\" alt=\"\" class=\"wp-image-138 lazyload\" width=\"600\" height=\"452\" data-srcset=\"https:\/\/www.scavix.com\/de\/wp-content\/uploads\/2020\/06\/scavix_software_web_application_development.png 800w, https:\/\/www.scavix.com\/de\/wp-content\/uploads\/2020\/06\/scavix_software_web_application_development-300x226.png 300w, https:\/\/www.scavix.com\/de\/wp-content\/uploads\/2020\/06\/scavix_software_web_application_development-768x579.png 768w\" data-sizes=\"(max-width: 600px) 100vw, 600px\" src=\"data:image\/svg+xml;base64,PHN2ZyB3aWR0aD0iMSIgaGVpZ2h0PSIxIiB4bWxucz0iaHR0cDovL3d3dy53My5vcmcvMjAwMC9zdmciPjwvc3ZnPg==\" style=\"--smush-placeholder-width: 600px; --smush-placeholder-aspect-ratio: 600\/452;\" \/><\/figure><\/div>\n\n\n\n<div class=\"wp-block-image\"><figure class=\"alignright size-large is-resized\"><img decoding=\"async\" data-src=\"https:\/\/www.scavix.com\/de\/wp-content\/uploads\/2020\/06\/Salesforce_Partner_Badge_RGB.png\" alt=\"\" class=\"wp-image-139 lazyload\" width=\"181\" height=\"193\" data-srcset=\"https:\/\/www.scavix.com\/de\/wp-content\/uploads\/2020\/06\/Salesforce_Partner_Badge_RGB.png 446w, https:\/\/www.scavix.com\/de\/wp-content\/uploads\/2020\/06\/Salesforce_Partner_Badge_RGB-282x300.png 282w\" data-sizes=\"(max-width: 181px) 100vw, 181px\" src=\"data:image\/svg+xml;base64,PHN2ZyB3aWR0aD0iMSIgaGVpZ2h0PSIxIiB4bWxucz0iaHR0cDovL3d3dy53My5vcmcvMjAwMC9zdmciPjwvc3ZnPg==\" style=\"--smush-placeholder-width: 181px; --smush-placeholder-aspect-ratio: 181\/193;\" \/><\/figure><\/div>\n\n\n\n<p>Scavix Software ist seit Jahren Salesforce Partner. Wir haben in den letzten 12 Jahren mehrere Apps f\u00fcr Salesforce entwickelt, die nach intensiver Salesforce Security Review im AppExchange ver\u00f6ffentlicht wurden.<\/p>\n\n\n\n<p>Zwei aktuelle Beispiele hierf\u00fcr sind<\/p>\n\n\n\n<ul class=\"wp-block-list\"><li><a rel=\"noreferrer noopener\" href=\"https:\/\/appexchange.salesforce.com\/appxListingDetail?listingId=a0N3000000DpkG0EAJ\" target=\"_blank\">beServe &#8211; Address Management in Salesforce<\/a><\/li><li><a href=\"https:\/\/appexchange.salesforce.com\/appxListingDetail?listingId=a0N30000000q5XsEAI\" target=\"_blank\" rel=\"noreferrer noopener\">PhoneMondo &#8211; Cloud CTI CallerID notifications<\/a><\/li><\/ul>\n\n\n\n<p>Dies sind zum Teil Apps, die wir f\u00fcr Firmen wie Sie im Auftrag programmiert haben und zum anderen Teil eigene Software, die wir selbst Nutzern anbieten.<\/p>\n\n\n\n<hr class=\"wp-block-separator\"\/>\n\n\n\n<blockquote class=\"wp-block-quote has-text-align-center is-style-large is-layout-flow wp-block-quote-is-layout-flow\"><p>Profitieren Sie von unserem Know-How und unserer Erfahrung in der Programmierung und Ver\u00f6ffentlichung von Apps f\u00fcr Salesforce<\/p><\/blockquote>\n\n\n\n<hr class=\"wp-block-separator\"\/>\n\n\n\n<p>Sie m\u00f6chten Ihr Salesforce an andere Systeme anbinden oder Daten aus anderen Systemen in Ihrem Salesforce angezeigt bekommen? <strong>Gerne!<\/strong><\/p>\n\n\n\n<p>Sie haben eine eigene Software und m\u00f6chten eine App daf\u00fcr entwickeln lassen, die Sie Ihren Kunden zur Verf\u00fcgung stellen m\u00f6chten? <strong>Gerne!<\/strong><\/p>\n\n\n\n<p>Sie ben\u00f6tigen Anpassungen in Salesforce, die Sie mit den Standardm\u00f6glichkeiten von Salesforce nicht umsetzen k\u00f6nnen? <strong>Gerne!<\/strong><\/p>\n\n\n\n<hr class=\"wp-block-separator\"\/>\n\n\n\n<p>Unsere gro\u00dfe St\u00e4rke besteht darin, dass wir gemeinsam mit Ihnen die f\u00fcr Sie perfekte L\u00f6sung erarbeiten. Wir erwarten nicht von Ihnen ein bis ins kleinste Detail durchdachtes Konzept, das wir nur programmieren, sondern wir helfen Ihnen, die perfekte L\u00f6sung f\u00fcr Ihr Problem zu finden. <\/p>\n\n\n\n<ul class=\"wp-block-list\"><li>Das Ganze beginnt damit, dass Sie uns Ihr Problem schildern<\/li><li>Wir skizzieren einen L\u00f6sungsvorschlag und sch\u00e4tzen den Aufwand und die Kosten. Gegebenenfalls treffen wir uns hierf\u00fcr pers\u00f6nlich<\/li><li>Sie beauftragen uns<\/li><li>Wir entwickeln einen Prototypen der L\u00f6sung<\/li><li>Von dort aus gehen wir den Weg gemeinsam weiter: Sie sind am Prozess aktiv beteiligt und k\u00f6nnen lenkend mithelfen, bis das Ergebnis so ist, damit Sie damit <strong>100% zufrieden<\/strong> sind.<\/li><\/ul>\n\n\n\n<hr class=\"wp-block-separator\"\/>\n\n\n\n<p>Kontaktieren Sie uns, damit wir Ihnen ein <strong>unverbindliches Angebot<\/strong> unterbreiten k\u00f6nnen:<\/p>\n\n\n\n<div class=\"wpforms-container wpforms-container-full\" id=\"wpforms-141\"><form id=\"wpforms-form-141\" class=\"wpforms-validate wpforms-form\" data-formid=\"141\" method=\"post\" enctype=\"multipart\/form-data\" action=\"\/de\/wp-json\/wp\/v2\/pages\/137\" data-token=\"eb9becb890b3ce4198e505af40ce6ff3\" data-token-time=\"1776198438\"><noscript class=\"wpforms-error-noscript\">Please enable JavaScript in your browser to complete this form.<\/noscript><div class=\"wpforms-field-container\"><div id=\"wpforms-141-field_0-container\" class=\"wpforms-field wpforms-field-name\" data-field-id=\"0\"><label class=\"wpforms-field-label\" for=\"wpforms-141-field_0\">Name <span class=\"wpforms-required-label\">*<\/span><\/label><input type=\"text\" id=\"wpforms-141-field_0\" class=\"wpforms-field-medium wpforms-field-required\" name=\"wpforms[fields][0]\" required><\/div><div id=\"wpforms-141-field_3-container\" class=\"wpforms-field wpforms-field-text\" data-field-id=\"3\"><label class=\"wpforms-field-label\" for=\"wpforms-141-field_3\">Firma<\/label><input type=\"text\" id=\"wpforms-141-field_3\" class=\"wpforms-field-medium\" name=\"wpforms[fields][3]\" ><\/div><div id=\"wpforms-141-field_1-container\" class=\"wpforms-field wpforms-field-email\" data-field-id=\"1\"><label class=\"wpforms-field-label\" for=\"wpforms-141-field_1\">E-Mail <span class=\"wpforms-required-label\">*<\/span><\/label><input type=\"email\" id=\"wpforms-141-field_1\" class=\"wpforms-field-medium wpforms-field-required\" name=\"wpforms[fields][1]\" spellcheck=\"false\" required><\/div><div id=\"wpforms-141-field_4-container\" class=\"wpforms-field wpforms-field-text\" data-field-id=\"4\"><label class=\"wpforms-field-label\" for=\"wpforms-141-field_4\">Telefon<\/label><input type=\"text\" id=\"wpforms-141-field_4\" class=\"wpforms-field-medium\" name=\"wpforms[fields][4]\" ><\/div><div id=\"wpforms-141-field_5-container\" class=\"wpforms-field wpforms-field-radio\" data-field-id=\"5\"><label class=\"wpforms-field-label\">Bereits Salesforce im Einsatz <span class=\"wpforms-required-label\">*<\/span><\/label><ul id=\"wpforms-141-field_5\" class=\"wpforms-field-required\"><li class=\"choice-1 depth-1\"><input type=\"radio\" id=\"wpforms-141-field_5_1\" name=\"wpforms[fields][5]\" value=\"Ja\" required ><label class=\"wpforms-field-label-inline\" for=\"wpforms-141-field_5_1\">Ja<\/label><\/li><li class=\"choice-2 depth-1\"><input type=\"radio\" id=\"wpforms-141-field_5_2\" name=\"wpforms[fields][5]\" value=\"Nein\" required ><label class=\"wpforms-field-label-inline\" for=\"wpforms-141-field_5_2\">Nein<\/label><\/li><\/ul><\/div><div id=\"wpforms-141-field_2-container\" class=\"wpforms-field wpforms-field-textarea\" data-field-id=\"2\"><label class=\"wpforms-field-label\" for=\"wpforms-141-field_2\">Ihr Salesforce-Problem\/-Anliegen <span class=\"wpforms-required-label\">*<\/span><\/label><textarea id=\"wpforms-141-field_2\" class=\"wpforms-field-medium wpforms-field-required\" name=\"wpforms[fields][2]\" required><\/textarea><\/div><\/div><!-- .wpforms-field-container --><div class=\"wpforms-field wpforms-field-hp\"><label for=\"wpforms-141-field-hp\" class=\"wpforms-field-label\">Email<\/label><input type=\"text\" name=\"wpforms[hp]\" id=\"wpforms-141-field-hp\" class=\"wpforms-field-medium\"><\/div><div class=\"wpforms-submit-container\" ><input type=\"hidden\" name=\"wpforms[id]\" value=\"141\"><input type=\"hidden\" name=\"page_title\" value=\"\"><input type=\"hidden\" name=\"page_url\" value=\"https:\/\/www.scavix.com\/de\/wp-json\/wp\/v2\/pages\/137\"><input type=\"hidden\" name=\"url_referer\" value=\"\"><button type=\"submit\" name=\"wpforms[submit]\" id=\"wpforms-submit-141\" class=\"wpforms-submit\" data-alt-text=\"Sende...\" data-submit-text=\"Jetzt unverbindlich anfragen\" aria-live=\"assertive\" value=\"wpforms-submit\">Jetzt unverbindlich anfragen<\/button><\/div><\/form><\/div>  <!-- .wpforms-container -->\n\n\n\n<p><\/p>\n","protected":false},"excerpt":{"rendered":"<p>Wir sind Ihr Salesforce Software-Partner! Scavix Software ist seit Jahren Salesforce Partner. Wir haben in den letzten 12 Jahren mehrere Apps f\u00fcr Salesforce entwickelt, die nach intensiver Salesforce Security Review im AppExchange ver\u00f6ffentlicht wurden. Zwei aktuelle Beispiele hierf\u00fcr sind beServe &#8211; Address Management in SalesforcePhoneMondo &#8211; Cloud CTI CallerID notifications Dies sind zum Teil Apps, [&hellip;]<\/p>\n","protected":false},"author":1,"featured_media":0,"parent":0,"menu_order":20,"comment_status":"closed","ping_status":"closed","template":"","meta":{"footnotes":""},"class_list":["post-137","page","type-page","status-publish","hentry"],"_links":{"self":[{"href":"https:\/\/www.scavix.com\/de\/wp-json\/wp\/v2\/pages\/137","targetHints":{"allow":["GET"]}}],"collection":[{"href":"https:\/\/www.scavix.com\/de\/wp-json\/wp\/v2\/pages"}],"about":[{"href":"https:\/\/www.scavix.com\/de\/wp-json\/wp\/v2\/types\/page"}],"author":[{"embeddable":true,"href":"https:\/\/www.scavix.com\/de\/wp-json\/wp\/v2\/users\/1"}],"replies":[{"embeddable":true,"href":"https:\/\/www.scavix.com\/de\/wp-json\/wp\/v2\/comments?post=137"}],"version-history":[{"count":0,"href":"https:\/\/www.scavix.com\/de\/wp-json\/wp\/v2\/pages\/137\/revisions"}],"wp:attachment":[{"href":"https:\/\/www.scavix.com\/de\/wp-json\/wp\/v2\/media?parent=137"}],"curies":[{"name":"wp","href":"https:\/\/api.w.org\/{rel}","templated":true}]}}