{"id":105,"date":"2018-05-03T08:16:28","date_gmt":"2018-05-03T06:16:28","guid":{"rendered":"https:\/\/www.scavix.com\/de\/?page_id=105"},"modified":"2023-07-17T11:45:10","modified_gmt":"2023-07-17T09:45:10","slug":"privacypolicy","status":"publish","type":"page","link":"https:\/\/www.scavix.com\/de\/privacypolicy\/","title":{"rendered":"Datenschutzerkl\u00e4rung"},"content":{"rendered":"\n<p>Soweit nachstehend keine anderen Angaben gemacht werden, ist die Bereitstellung Ihrer personenbezogenen Daten weder gesetzlich oder vertraglich vorgeschrieben, noch f\u00fcr einen Vertragsabschluss erforderlich. Sie sind zur Bereitstellung der Daten nicht verpflichtet. Eine Nichtbereitstellung hat keine Folgen. Dies gilt nur soweit bei den nachfolgenden Verarbeitungsvorg\u00e4ngen keine anderweitige Angabe gemacht wird.<br>&#8220;Personenbezogene Daten&#8221; sind alle Informationen, die sich auf eine identifizierte oder identifizierbare nat\u00fcrliche Person beziehen.<\/p>\n\n\n\n<p><strong>Server-Logfiles<\/strong><\/p>\n\n\n\n<p>Sie k\u00f6nnen unsere Webseiten besuchen, ohne Angaben zu Ihrer Person zu machen.&nbsp;<\/p>\n\n\n\n<p>Bei jedem Zugriff auf unsere Website werden an uns oder unseren Webhoster \/ IT-Dienstleister Nutzungsdaten durch Ihren Internet Browser \u00fcbermittelt und in Protokolldaten (sog. Server-Logfiles) gespeichert. Zu diesen gespeicherten Daten geh\u00f6ren z.B. der Name der aufgerufenen Seite, Datum und Uhrzeit des Abrufs, die IP-Adresse, die \u00fcbertragene Datenmenge und der anfragende Provider.<br>Die Verarbeitung erfolgt auf Grundlage des Art. 6 Abs. 1 lit. f DSGVO aus unserem \u00fcberwiegenden berechtigten Interesse an der Gew\u00e4hrleistung eines st\u00f6rungsfreien Betriebs unserer Website sowie zur Verbesserung unseres Angebotes.&nbsp;<br><em><strong>Kontakt<\/strong><\/em><\/p>\n\n\n\n<p><strong>Verantwortlicher<\/strong><br>Kontaktieren Sie uns auf Wunsch.\u00a0Verantwortlicher f\u00fcr die Datenverarbeitung ist:\u00a0Scavix Software GmbH &amp; Co. KG,\u00a0D\u00f6rmter Stra\u00dfe 6,\u00a0D-29588\u00a0Oetzen\u00a0Deutschland,\u00a0<a href=\"phonemondo:+4958120889652\">+49 581 20889652<\/a>,\u00a0info@scavix.com<\/p>\n\n\n\n<p><strong>Initiativ-Kontaktaufnahme des Kunden per E-Mail<\/strong><br>Wenn Sie per E-Mail initiativ mit uns in Gesch\u00e4ftskontakt treten, erheben wir Ihre personenbezogenen Daten (Name, E-Mail-Adresse, Nachrichtentext) nur in dem von Ihnen zur Verf\u00fcgung gestellten Umfang. Die Datenverarbeitung dient der Bearbeitung und Beantwortung Ihrer Kontaktanfrage.<br>Wenn die Kontaktaufnahme der Durchf\u00fchrung vorvertraglichen Ma\u00dfnahmen (bspw. Beratung bei Kaufinteresse, Angebotserstellung) dient oder einen bereits zwischen Ihnen und uns geschlossenen Vertrag betrifft, erfolgt diese Datenverarbeitung auf Grundlage des Art. 6 Abs. 1 lit. b DSGVO.<br>Erfolgt die Kontaktaufnahme aus anderen Gr\u00fcnden, erfolgt diese Datenverarbeitung auf Grundlage des Art. 6 Abs. 1 lit. f DSGVO aus unserem \u00fcberwiegenden berechtigten Interesse an der Bearbeitung und Beantwortung Ihrer Anfrage.&nbsp;<em><strong>In diesem Fall haben Sie das Recht, aus Gr\u00fcnden, die sich aus Ihrer besonderen Situation ergeben, jederzeit dieser auf Art. 6 Abs. 1 lit. f DSGVO beruhenden Verarbeitungen Sie betreffender personenbezogener Daten zu widersprechen.<\/strong><\/em><br>Ihre E-Mail-Adresse nutzen wir nur zur Bearbeitung Ihrer Anfrage. Ihre Daten werden anschlie\u00dfend unter Beachtung gesetzlicher Aufbewahrungsfristen gel\u00f6scht, sofern Sie der weitergehenden Verarbeitung und Nutzung nicht zugestimmt haben.<br>&nbsp;<strong>Erhebung und Verarbeitung bei Nutzung des Kontaktformulars<\/strong><br>Bei der Nutzung des Kontaktformulars erheben wir Ihre personenbezogenen Daten (Name, E-Mail-Adresse, Nachrichtentext) nur in dem von Ihnen zur Verf\u00fcgung gestellten Umfang. Die Datenverarbeitung dient dem Zweck der Kontaktaufnahme.<br>Wenn die Kontaktaufnahme der Durchf\u00fchrung vorvertraglichen Ma\u00dfnahmen (bspw. Beratung bei Kaufinteresse, Angebotserstellung) dient oder einen bereits zwischen Ihnen und uns geschlossenen Vertrag betrifft, erfolgt diese Datenverarbeitung auf Grundlage des Art. 6 Abs. 1 lit. b DSGVO.<br>Erfolgt die Kontaktaufnahme aus anderen Gr\u00fcnden, erfolgt diese Datenverarbeitung auf Grundlage des Art. 6 Abs. 1 lit. f DSGVO aus unserem \u00fcberwiegenden berechtigten Interesse an der Bearbeitung und Beantwortung Ihrer Anfrage.&nbsp;<em><strong>In diesem Fall haben Sie das Recht, aus Gr\u00fcnden, die sich aus Ihrer besonderen Situation ergeben, jederzeit dieser auf Art. 6 Abs. 1 lit. f DSGVO beruhenden Verarbeitungen Sie betreffender personenbezogener Daten zu widersprechen.<\/strong><\/em><br>Ihre E-Mail-Adresse nutzen wir nur zur Bearbeitung Ihrer Anfrage. Ihre Daten werden anschlie\u00dfend unter Beachtung gesetzlicher Aufbewahrungsfristen gel\u00f6scht, sofern Sie der weitergehenden Verarbeitung und Nutzung nicht zugestimmt haben.<\/p>\n\n\n\n<p><strong><em>Cookies<\/em><\/strong><\/p>\n\n\n\n<p>Unsere Website verwendet Cookies. Cookies sind kleine Textdateien, die im Internetbrowser bzw. vom Internetbrowser auf dem Computersystem eines Nutzers gespeichert werden. Ruft ein Nutzer eine Website auf, so kann ein Cookie auf dem Betriebssystem des Nutzers gespeichert werden. Dieser Cookie enth\u00e4lt eine charakteristische Zeichenfolge, die eine eindeutige Identifizierung des Browsers beim erneuten Aufrufen der Website erm\u00f6glicht.<\/p>\n\n\n\n<p>Cookies werden auf Ihrem Rechner gespeichert. Daher haben Sie die volle Kontrolle \u00fcber die Verwendung von Cookies. Durch die Auswahl entsprechender technischer Einstellungen in Ihrem Internetbrowser k\u00f6nnen Sie vor dem Setzen von Cookies benachrichtigt werden und \u00fcber die Annahme einzeln entscheiden sowie die Speicherung der Cookies und \u00dcbermittlung der enthaltenen Daten verhindern. Bereits gespeicherte Cookies k\u00f6nnen jederzeit gel\u00f6scht werden. Wir weisen Sie jedoch darauf hin, dass Sie dann gegebenenfalls nicht s\u00e4mtliche Funktionen dieser Website vollumf\u00e4nglich nutzen k\u00f6nnen.<\/p>\n\n\n\n<p>Unter den nachstehenden Links k\u00f6nnen Sie sich informieren, wie Sie die Cookies bei den wichtigsten Browsern verwalten (u.a. auch deaktivieren) k\u00f6nnen:<\/p>\n\n\n\n<p>Chrome:&nbsp;<a href=\"https:\/\/support.google.com\/accounts\/answer\/61416?hl=de\" target=\"_blank\" rel=\"noreferrer noopener\">https:\/\/support.google.com\/accounts\/answer\/61416?hl=de<\/a><br>Microsoft Edge:&nbsp;<a href=\"https:\/\/support.microsoft.com\/de-de\/microsoft-edge\/cookies-in-microsoft-edge-lB6schen-63947406-40ac-c3b8-57b9-2a946a29ae09\" target=\"_blank\" rel=\"noreferrer noopener\">https:\/\/support.microsoft.com\/de-de\/microsoft-edge\/cookies-in-microsoft-edge-lB6schen-63947406-40ac-c3b8-57b9-2a946a29ae09<\/a><\/p>\n\n\n\n<p>Mozilla Firefox:&nbsp;<a href=\"https:\/\/support.mozilla.org\/de\/kb\/cookies-erlauben-und-ablehnen\" target=\"_blank\" rel=\"noreferrer noopener\">https:\/\/support.mozilla.org\/de\/kb\/cookies-erlauben-und-ablehnen<\/a><\/p>\n\n\n\n<p>Safari:&nbsp;<a href=\"https:\/\/support.apple.com\/de-de\/guide\/safari\/manage-cookies-and-website-data-sfri11471\/mac\" target=\"_blank\" rel=\"noreferrer noopener\">https:\/\/support.apple.com\/de-de\/guide\/safari\/manage-cookies-and-website-data-sfri11471\/mac<\/a><\/p>\n\n\n\n<p><strong>Technisch notwendige Cookies<\/strong><\/p>\n\n\n\n<p>Soweit nachstehend in der Datenschutzerkl\u00e4rung keine anderen Angaben gemacht werden setzen wir nur diese technisch notwendigen Cookies zu dem Zweck ein, unser Angebot nutzerfreundlicher, effektiver und sicherer zu machen. Des Weiteren erm\u00f6glichen Cookies unseren Systemen, Ihren Browser auch nach einem Seitenwechsel zu erkennen und Ihnen Services anzubieten. Einige Funktionen unserer Internetseite k\u00f6nnen ohne den Einsatz von Cookies nicht angeboten werden. F\u00fcr diese ist es erforderlich, dass der Browser auch nach einem Seitenwechsel wiedererkannt wird.<\/p>\n\n\n\n<p>Die Nutzung von Cookies oder vergleichbarer Technologien erfolgt auf Grundlage des \u00a7 25 Abs. 2 TTDSG. Die Verarbeitung Ihrer personenbezogenen Daten erfolgt auf Grundlage des Art. 6 Abs. 1 lit. f DSGVO aus unserem \u00fcberwiegenden berechtigten Interesse&nbsp;an der Gew\u00e4hrleistung der optimalen Funktionalit\u00e4t der Website sowie einer nutzerfreundlichen und effektiven Gestaltung unseres Angebots.<\/p>\n\n\n\n<p><em><strong>Sie haben das Recht aus Gr\u00fcnden, die sich aus Ihrer besonderen Situation ergeben, jederzeit dieser Verarbeitung Sie betreffender personenbezogener Daten zu widersprechen.<\/strong><\/em><br><br><em><strong>Analyse&nbsp;&nbsp;&nbsp;&nbsp;&nbsp;&nbsp;<\/strong><\/em><\/p>\n\n\n\n<p><strong>Verwendung von Google Analytics<\/strong><br>Wir verwenden auf unserer Website den Webanalysedienst Google Analytics der Google Google Ireland Limited (Gordon House, Barrow Street, Dublin 4, Irland; \u201eGoogle\u201c).<br>Die Datenverarbeitung dient dem Zweck der Analyse dieser Website und ihrer Besucher sowie f\u00fcr Marketing- und Werbezwecke. Dazu wird Google im Auftrag des Betreibers dieser Website die gewonnenen Informationen benutzen, um Ihre Nutzung der Website auszuwerten, um Reports \u00fcber die Websiteaktivit\u00e4ten zusammenzustellen und um weitere, mit der Websitenutzung und der Internetnutzung verbundene Dienstleistungen gegen\u00fcber dem Websitebetreiber zu erbringen. Dabei k\u00f6nnen u.a. folgende Informationen erhoben werden: IP-Adresse, Datum und Uhrzeit des Seitenaufrufs, Klickpfad, Informationen \u00fcber den von Ihnen verwendeten Browser und das von Ihnen verwendete Device (Ger\u00e4t), besuchte Seiten, Referrer-URL (Webseite, \u00fcber die Sie unsere Webseite aufgerufen haben), Standortdaten, Kaufaktivit\u00e4ten. Die im Rahmen von Google Analytics von Ihrem Browser \u00fcbermittelte IP-Adresse wird nicht mit anderen Daten von Google zusammengef\u00fchrt.<br>Google Analytics verwendet Technologien wie Cookies, Webspeicher im Browser und Z\u00e4hlpixel, die eine Analyse der Benutzung der Website durch Sie erm\u00f6glichen.&nbsp;Die dadurch erzeugten Informationen \u00fcber Ihre Benutzung dieser Website werden in der Regel an einen Server von Google in den USA \u00fcbertragen und dort gespeichert. F\u00fcr die USA ist ein Angemessenheitsbeschluss der EU-Kommission vorhanden, das Trans-Atlantic Data Privacy Framework (TADPF). Google ist nicht nach dem TADPF zertifiziert. Die Daten\u00fcbermittlung erfolgt u.a. auf Grundlage von Standardvertragsklauseln als geeignete Garantien f\u00fcr den Schutz der personenbezogenen Daten, einsehbar unter:&nbsp;<a href=\"https:\/\/policies.google.com\/privacy\/frameworks\">https:\/\/policies.google.com\/privacy\/frameworks<\/a>&nbsp;und&nbsp;<a href=\"https:\/\/business.safety.google\/adsprocessorterms\/\">https:\/\/business.safety.google\/adsprocessorterms\/<\/a>. Sowohl Google als auch staatliche US-Beh\u00f6rden haben Zugriff auf Ihre Daten. Ihre Daten k\u00f6nnen von Google mit anderen Daten, wie beispielsweise Ihrem Suchverlauf, Ihren pers\u00f6nlichen Accounts, Ihren Nutzungsdaten anderer Ger\u00e4te und allen anderen Daten, die Google zu Ihnen vorliegen hat, verkn\u00fcpft werden.<br>Auf dieser Website ist die IP-Anonymisierung aktiviert. Dadurch wird Ihre IP-Adresse von Google innerhalb von Mitgliedstaaten der Europ\u00e4ischen Union oder in anderen Vertragsstaaten des Abkommens \u00fcber den Europ\u00e4ischen Wirtschaftsraum zuvor gek\u00fcrzt. Nur in Ausnahmef\u00e4llen wird die volle IP-Adresse an einen Server von Google in den USA \u00fcbertragen und dort gek\u00fcrzt.<br>Die Verarbeitung Ihrer personenbezogenen Daten erfolgt auf Grundlage des Art. 6 Abs. 1 lit. f DSGVO aus unserem \u00fcberwiegenden berechtigten Interesse an der bedarfsgerechten und zielgerichteten Gestaltung der Website.&nbsp;<em><strong>Sie haben das Recht aus Gr\u00fcnden, die sich aus Ihrer besonderen Situation ergeben, jederzeit dieser Verarbeitung Sie betreffender personenbezogener Daten zu widersprechen.<\/strong><\/em><br>Sie k\u00f6nnen die Erfassung der durch Google Analytics erzeugten und auf Ihre Nutzung der Website bezogenen Daten (inkl. Ihrer IP-Adresse) an Google sowie die Verarbeitung dieser Daten durch Google verhindern, indem Sie das unter dem folgenden Link verf\u00fcgbare Browser-Plug-in herunterladen und installieren:&nbsp;<a href=\"https:\/\/tools.google.com\/dlpage\/gaoptout?hl=de\" target=\"_blank\" rel=\"noreferrer noopener\">https:\/\/tools.google.com\/dlpage\/gaoptout?hl=de<\/a><br>Um die Datenerfassung und -speicherung durch Google Analytics ger\u00e4te\u00fcbergreifend zu verhindern, k\u00f6nnen Sie einen Opt-Out-Cookie setzen. Opt-Out-Cookies verhindern die zuk\u00fcnftige Erfassung Ihrer Daten beim Besuch dieser Website. Sie m\u00fcssen das Opt-Out auf allen genutzten Systemen und Ger\u00e4ten durchf\u00fchren, damit dies umfassend wirkt. Wenn Sie das Opt-out-Cookie l\u00f6schen, werden wieder Anfragen an Google \u00fcbermittelt. Wenn Sie hier klicken, wird das Opt-Out-Cookie gesetzt:&nbsp;<a href=\"javascript:gaOptout()\">Google Analytics deaktivieren<\/a>.<br>N\u00e4here Informationen zu Nutzungsbedingungen und Datenschutz finden Sie unter&nbsp;<a href=\"https:\/\/www.google.com\/analytics\/terms\/de.html\" target=\"_blank\" rel=\"noreferrer noopener\">https:\/\/www.google.com\/analytics\/terms\/de.html<\/a>&nbsp;bzw. unter&nbsp;<a href=\"https:\/\/www.google.de\/intl\/de\/policies\/\" target=\"_blank\" rel=\"noreferrer noopener\">https:\/\/www.google.de\/intl\/de\/policies\/<\/a>&nbsp;sowie unter&nbsp;<a href=\"https:\/\/policies.google.com\/technologies\/cookies?hl=de\" target=\"_blank\" rel=\"noreferrer noopener\">https:\/\/policies.google.com\/technologies\/cookies?hl=de<\/a>.<\/p>\n\n\n\n<p><strong><em>Plug-ins und Sonstiges<\/em><\/strong><\/p>\n\n\n\n<p><strong>Verwendung von Google reCAPTCHA&nbsp;<\/strong><\/p>\n\n\n\n<p>Wir verwenden auf unserer Website den Dienst reCAPTCHA der&nbsp;Google Ireland Limited (Gordon House, Barrow Street, Dublin 4, Irland; &#8220;Google&#8221;).&nbsp;Die Abfrage dient dem Zweck der Unterscheidung der Eingabe durch einen Menschen oder durch automatisierte, maschinelle Verarbeitung. Dazu wird Ihre Eingabe an Google \u00fcbermittelt und dort weiterverwendet. Zus\u00e4tzlich werden die IP-Adresse und gegebenenfalls weitere von Google f\u00fcr den Dienst reCAPTCHA ben\u00f6tigte Daten an Google \u00fcbertragen.&nbsp;Diese Daten werden von Google innerhalb der Europ\u00e4ischen Union verarbeitet und gegebenenfalls auch an Server der Google LLC in die USA \u00fcbermittelt. F\u00fcr die USA ist ein Angemessenheitsbeschluss der EU-Kommission vorhanden, das Trans-Atlantic Data Privacy Framework (TADPF). Google ist nicht nach dem TADPF zertifiziert. Die Daten\u00fcbermittlung erfolgt u.a. auf Grundlage von Standardvertragsklauseln als geeignete Garantien f\u00fcr den Schutz der personenbezogenen Daten, einsehbar unter:&nbsp;<a href=\"https:\/\/policies.google.com\/privacy\/frameworks\" target=\"_blank\" rel=\"noreferrer noopener\">https:\/\/policies.google.com\/privacy\/frameworks<\/a>.<\/p>\n\n\n\n<p>Die Verarbeitung Ihrer personenbezogenen Daten erfolgt auf Grundlage des Art. 6 Abs. 1 lit. f DSGVO aus unserem \u00fcberwiegenden berechtigten Interesse&nbsp;unsere Website vor automatisierter Aussp\u00e4hung, Missbrauch und SPAM zu sch\u00fctzen.&nbsp;<strong><em>Sie haben das Recht aus Gr\u00fcnden, die sich aus Ihrer besonderen Situation ergeben, jederzeit dieser auf Art. 6 Abs. 1 lit. f DSGVO beruhenden Verarbeitungen Sie betreffender personenbezogener Daten zu widersprechen.<\/em><\/strong><\/p>\n\n\n\n<p>N\u00e4here Informationen zu Google reCAPTCHA sowie die dazugeh\u00f6rige Datenschutzerkl\u00e4rung finden Sie unter:&nbsp;<a href=\"https:\/\/www.google.com\/recaptcha\/intro\/android.html\" target=\"_blank\" rel=\"noreferrer noopener\">https:\/\/www.google.com\/recaptcha\/intro\/android.html<\/a>&nbsp;sowie&nbsp;<a href=\"https:\/\/www.google.com\/privacy\" target=\"_blank\" rel=\"noreferrer noopener\">https:\/\/www.google.com\/privacy<\/a>.&nbsp;<\/p>\n\n\n\n<p><strong><em>Betroffenenrechte und Speicherdauer<\/em><\/strong><\/p>\n\n\n\n<p><strong>Dauer der Speicherung<\/strong><\/p>\n\n\n\n<p>Die Daten werden unter Ber\u00fccksichtigung gesetzlicher Aufbewahrungsfristen gespeichert und dann nach Fristablauf gel\u00f6scht, sofern Sie der weitergehenden Verarbeitung und Nutzung nicht zugestimmt haben.<br><strong>Rechte der betroffenen Person<\/strong><br>Ihnen stehen bei Vorliegen der gesetzlichen Voraussetzungen folgende Rechte nach Art. 15 bis 20 DSGVO zu: Recht auf Auskunft, auf Berichtigung, auf L\u00f6schung, auf Einschr\u00e4nkung der Verarbeitung, auf Daten\u00fcbertragbarkeit.<br>Au\u00dferdem steht Ihnen nach Art. 21 Abs. 1 DSGVO ein Widerspruchsrecht gegen die Verarbeitungen zu, die auf Art. 6 Abs. 1 f DSGVO beruhen, sowie gegen die Verarbeitung zum Zwecke von Direktwerbung.<\/p>\n\n\n\n<p><strong>Beschwerderecht bei der Aufsichtsbeh\u00f6rde<\/strong><br>Sie haben gem\u00e4\u00df Art. 77 DSGVO das Recht, sich bei der Aufsichtsbeh\u00f6rde zu beschweren, wenn Sie der Ansicht sind, dass die Verarbeitung Ihrer personenbezogenen Daten nicht rechtm\u00e4\u00dfig erfolgt.<\/p>\n\n\n\n<p><strong>Widerspruchsrecht<\/strong><br>Beruhen die hier aufgef\u00fchrten personenbezogenen Datenverarbeitungen auf Grundlage unseres berechtigten Interesses nach Art. 6 Abs. 1 lit. f DSGVO, haben Sie das Recht aus Gr\u00fcnden, die sich aus Ihrer besonderen Situation ergeben, jederzeit diesen Verarbeitungen mit Wirkung f\u00fcr die Zukunft zu widersprechen.<br>Nach erfolgtem Widerspruch wird die Verarbeitung der betroffenen Daten beendet, es sei denn, wir k\u00f6nnen zwingende schutzw\u00fcrdige Gr\u00fcnde f\u00fcr die Verarbeitung nachweisen, die Ihren Interessen, Rechten und Freiheiten \u00fcberwiegen, oder wenn die Verarbeitung der Geltendmachung, Aus\u00fcbung oder Verteidigung von Rechtsanspr\u00fcchen dient.<\/p>\n\n\n\n<p>letzte Aktualisierung: 17.07.2023<\/p>\n","protected":false},"excerpt":{"rendered":"<p>Soweit nachstehend keine anderen Angaben gemacht werden, ist die Bereitstellung Ihrer personenbezogenen Daten weder gesetzlich oder vertraglich vorgeschrieben, noch f\u00fcr einen Vertragsabschluss erforderlich. Sie sind zur Bereitstellung der Daten nicht verpflichtet. Eine Nichtbereitstellung hat keine Folgen. Dies gilt nur soweit bei den nachfolgenden Verarbeitungsvorg\u00e4ngen keine anderweitige Angabe gemacht wird.&#8220;Personenbezogene Daten&#8221; sind alle Informationen, die sich [&hellip;]<\/p>\n","protected":false},"author":1,"featured_media":0,"parent":0,"menu_order":14,"comment_status":"closed","ping_status":"closed","template":"","meta":{"footnotes":""},"class_list":["post-105","page","type-page","status-publish","hentry"],"_links":{"self":[{"href":"https:\/\/www.scavix.com\/de\/wp-json\/wp\/v2\/pages\/105","targetHints":{"allow":["GET"]}}],"collection":[{"href":"https:\/\/www.scavix.com\/de\/wp-json\/wp\/v2\/pages"}],"about":[{"href":"https:\/\/www.scavix.com\/de\/wp-json\/wp\/v2\/types\/page"}],"author":[{"embeddable":true,"href":"https:\/\/www.scavix.com\/de\/wp-json\/wp\/v2\/users\/1"}],"replies":[{"embeddable":true,"href":"https:\/\/www.scavix.com\/de\/wp-json\/wp\/v2\/comments?post=105"}],"version-history":[{"count":0,"href":"https:\/\/www.scavix.com\/de\/wp-json\/wp\/v2\/pages\/105\/revisions"}],"wp:attachment":[{"href":"https:\/\/www.scavix.com\/de\/wp-json\/wp\/v2\/media?parent=105"}],"curies":[{"name":"wp","href":"https:\/\/api.w.org\/{rel}","templated":true}]}}